{"id":17703,"date":"2020-02-04T16:55:26","date_gmt":"2020-02-04T21:55:26","guid":{"rendered":"https:\/\/gpsites.co\/agency\/?page_id=17703"},"modified":"2024-03-29T16:54:39","modified_gmt":"2024-03-29T08:54:39","slug":"services","status":"publish","type":"page","link":"https:\/\/www.walnutmachine.com\/es\/services\/","title":{"rendered":"Servicios"},"content":{"rendered":"<div class=\"gb-container gb-container-8ac9335a\"><div class=\"gb-inside-container\">  <div class=\"gb-grid-wrapper gb-grid-wrapper-c585825b\">  <div class=\"gb-grid-column gb-grid-column-46749e0d\"><div class=\"gb-container gb-container-46749e0d\"><div class=\"gb-inside-container\">    <h1 class=\"gb-headline gb-headline-fddb14f2 gb-headline-text\">Ayudamos a las empresas <mark class=\"gb-highlight\">crecer<\/mark>.<\/h1>    <\/div><\/div><\/div>    <div class=\"gb-grid-column gb-grid-column-fb5d0172\"><div class=\"gb-container gb-container-fb5d0172\"><div class=\"gb-inside-container\">    <\/div><\/div><\/div>  <\/div>  <\/div><\/div>    <div class=\"gb-container gb-container-12234d19\"><div class=\"gb-inside-container\">  <div class=\"gb-grid-wrapper gb-grid-wrapper-c8697beb\">  <div class=\"gb-grid-column gb-grid-column-5314c836\"><div class=\"gb-container gb-container-5314c836\"><div class=\"gb-inside-container\">    <h3 class=\"gb-headline gb-headline-24bc4753\"><span class=\"gb-icon\"><svg viewbox=\"0 0 640 512\" xmlns=\"http:\/\/www.w3.org\/2000\/svg\" class=\"svg-inline--fa fa-laptop-code fa-w-20\" data-icon=\"laptop-code\" data-prefix=\"fas\" aria-hidden=\"true\"><path d=\"M255.03 261.65c6.25 6.25 16.38 6.25 22.63 0l11.31-11.31c6.25-6.25 6.25-16.38 0-22.63L253.25 192l35.71-35.72c6.25-6.25 6.25-16.38 0-22.63l-11.31-11.31c-6.25-6.25-16.38-6.25-22.63 0l-58.34 58.34c-6.25 6.25-6.25 16.38 0 22.63l58.35 58.34zm96.01-11.3l11.31 11.31c6.25 6.25 16.38 6.25 22.63 0l58.34-58.34c6.25-6.25 6.25-16.38 0-22.63l-58.34-58.34c-6.25-6.25-16.38-6.25-22.63 0l-11.31 11.31c-6.25 6.25-6.25 16.38 0 22.63L386.75 192l-35.71 35.72c-6.25 6.25-6.25 16.38 0 22.63zM624 416H381.54c-.74 19.81-14.71 32-32.74 32H288c-18.69 0-33.02-17.47-32.77-32H16c-8.8 0-16 7.2-16 16v16c0 35.2 28.8 64 64 64h512c35.2 0 64-28.8 64-64v-16c0-8.8-7.2-16-16-16zM576 48c0-26.4-21.6-48-48-48H112C85.6 0 64 21.6 64 48v336h512V48zm-64 272H128V64h384v256z\" fill=\"currentColor\"><\/path><\/svg><\/span><span class=\"gb-headline-text\">Desarrollo de sitios web<\/span><\/h3>        <p>Al dolor le debe seguir la educaci\u00f3n de las personas que viven con la enfermedad. Sin cama al final del d\u00eda. Ahora se ocupar\u00e1 del elemento de la vida, pero \u00e9l quiere ser miembro del equipo de f\u00fatbol. Pero no hay tiempos f\u00e1ciles para la financiaci\u00f3n de esta enfermedad. Mi oficina es un gran dolor.<\/p>        <p class=\"gb-headline gb-headline-c5699eff\"><span class=\"gb-icon\"><svg aria-hidden=\"true\" height=\"1em\" width=\"1em\" viewbox=\"0 0 256 512\" xmlns=\"http:\/\/www.w3.org\/2000\/svg\"><path fill=\"currentColor\" d=\"M224.3 273l-136 136c-9.4 9.4-24.6 9.4-33.9 0l-22.6-22.6c-9.4-9.4-9.4-24.6 0-33.9l96.4-96.4-96.4-96.4c-9.4-9.4-9.4-24.6 0-33.9L54.3 103c9.4-9.4 24.6-9.4 33.9 0l136 136c9.5 9.4 9.5 24.6.1 34z\"><\/path><\/svg><\/span><span class=\"gb-headline-text\">Lorem ipsum dolor sit amet, consectetur<\/span><\/p>        <p class=\"gb-headline gb-headline-2b04ed95\"><span class=\"gb-icon\"><svg aria-hidden=\"true\" height=\"1em\" width=\"1em\" viewbox=\"0 0 256 512\" xmlns=\"http:\/\/www.w3.org\/2000\/svg\"><path fill=\"currentColor\" d=\"M224.3 273l-136 136c-9.4 9.4-24.6 9.4-33.9 0l-22.6-22.6c-9.4-9.4-9.4-24.6 0-33.9l96.4-96.4-96.4-96.4c-9.4-9.4-9.4-24.6 0-33.9L54.3 103c9.4-9.4 24.6-9.4 33.9 0l136 136c9.5 9.4 9.5 24.6.1 34z\"><\/path><\/svg><\/span><span class=\"gb-headline-text\">Lorem ipsum dolor sit amet, consectetur<\/span><\/p>        <p class=\"gb-headline gb-headline-b8076b79\"><span class=\"gb-icon\"><svg aria-hidden=\"true\" height=\"1em\" width=\"1em\" viewbox=\"0 0 256 512\" xmlns=\"http:\/\/www.w3.org\/2000\/svg\"><path fill=\"currentColor\" d=\"M224.3 273l-136 136c-9.4 9.4-24.6 9.4-33.9 0l-22.6-22.6c-9.4-9.4-9.4-24.6 0-33.9l96.4-96.4-96.4-96.4c-9.4-9.4-9.4-24.6 0-33.9L54.3 103c9.4-9.4 24.6-9.4 33.9 0l136 136c9.5 9.4 9.5 24.6.1 34z\"><\/path><\/svg><\/span><span class=\"gb-headline-text\">Lorem ipsum dolor sit amet, consectetur<\/span><\/p>    <\/div><\/div><\/div>    <div class=\"gb-grid-column gb-grid-column-ee2e0eac\"><div class=\"gb-container gb-container-ee2e0eac\"><div class=\"gb-inside-container\">    <h3 class=\"gb-headline gb-headline-02fded74\"><span class=\"gb-icon\"><svg viewbox=\"0 0 512 512\" xmlns=\"http:\/\/www.w3.org\/2000\/svg\" class=\"svg-inline--fa fa-layer-group fa-w-16\" data-icon=\"layer-group\" data-prefix=\"fas\" aria-hidden=\"true\"><path d=\"M12.41 148.02l232.94 105.67c6.8 3.09 14.49 3.09 21.29 0l232.94-105.67c16.55-7.51 16.55-32.52 0-40.03L266.65 2.31a25.607 25.607 0 00-21.29 0L12.41 107.98c-16.55 7.51-16.55 32.53 0 40.04zm487.18 88.28l-58.09-26.33-161.64 73.27c-7.56 3.43-15.59 5.17-23.86 5.17s-16.29-1.74-23.86-5.17L70.51 209.97l-58.1 26.33c-16.55 7.5-16.55 32.5 0 40l232.94 105.59c6.8 3.08 14.49 3.08 21.29 0L499.59 276.3c16.55-7.5 16.55-32.5 0-40zm0 127.8l-57.87-26.23-161.86 73.37c-7.56 3.43-15.59 5.17-23.86 5.17s-16.29-1.74-23.86-5.17L70.29 337.87 12.41 364.1c-16.55 7.5-16.55 32.5 0 40l232.94 105.59c6.8 3.08 14.49 3.08 21.29 0L499.59 404.1c16.55-7.5 16.55-32.5 0-40z\" fill=\"currentColor\"><\/path><\/svg><\/span><span class=\"gb-headline-text\">Desarrollo de aplicaciones m\u00f3viles<\/span><\/h3>        <p>Al dolor le debe seguir la educaci\u00f3n de las personas que viven con la enfermedad. Sin cama al final del d\u00eda. Ahora se ocupar\u00e1 del elemento de la vida, pero \u00e9l quiere ser miembro del equipo de f\u00fatbol. Pero no hay tiempos f\u00e1ciles para la financiaci\u00f3n de esta enfermedad. Mi oficina es un gran dolor.<\/p>        <p class=\"gb-headline gb-headline-3b87a41f\"><span class=\"gb-icon\"><svg aria-hidden=\"true\" height=\"1em\" width=\"1em\" viewbox=\"0 0 256 512\" xmlns=\"http:\/\/www.w3.org\/2000\/svg\"><path fill=\"currentColor\" d=\"M224.3 273l-136 136c-9.4 9.4-24.6 9.4-33.9 0l-22.6-22.6c-9.4-9.4-9.4-24.6 0-33.9l96.4-96.4-96.4-96.4c-9.4-9.4-9.4-24.6 0-33.9L54.3 103c9.4-9.4 24.6-9.4 33.9 0l136 136c9.5 9.4 9.5 24.6.1 34z\"><\/path><\/svg><\/span><span class=\"gb-headline-text\">Lorem ipsum dolor sit amet, consectetur<\/span><\/p>        <p class=\"gb-headline gb-headline-38588767\"><span class=\"gb-icon\"><svg aria-hidden=\"true\" height=\"1em\" width=\"1em\" viewbox=\"0 0 256 512\" xmlns=\"http:\/\/www.w3.org\/2000\/svg\"><path fill=\"currentColor\" d=\"M224.3 273l-136 136c-9.4 9.4-24.6 9.4-33.9 0l-22.6-22.6c-9.4-9.4-9.4-24.6 0-33.9l96.4-96.4-96.4-96.4c-9.4-9.4-9.4-24.6 0-33.9L54.3 103c9.4-9.4 24.6-9.4 33.9 0l136 136c9.5 9.4 9.5 24.6.1 34z\"><\/path><\/svg><\/span><span class=\"gb-headline-text\">Lorem ipsum dolor sit amet, consectetur<\/span><\/p>        <p class=\"gb-headline gb-headline-35e3c669\"><span class=\"gb-icon\"><svg aria-hidden=\"true\" height=\"1em\" width=\"1em\" viewbox=\"0 0 256 512\" xmlns=\"http:\/\/www.w3.org\/2000\/svg\"><path fill=\"currentColor\" d=\"M224.3 273l-136 136c-9.4 9.4-24.6 9.4-33.9 0l-22.6-22.6c-9.4-9.4-9.4-24.6 0-33.9l96.4-96.4-96.4-96.4c-9.4-9.4-9.4-24.6 0-33.9L54.3 103c9.4-9.4 24.6-9.4 33.9 0l136 136c9.5 9.4 9.5 24.6.1 34z\"><\/path><\/svg><\/span><span class=\"gb-headline-text\">Lorem ipsum dolor sit amet, consectetur<\/span><\/p>    <\/div><\/div><\/div>  <\/div>  <\/div><\/div>    <div class=\"gb-container gb-container-3a5a7ff5\"><div class=\"gb-inside-container\">  <div class=\"gb-grid-wrapper gb-grid-wrapper-27e80d33\">  <div class=\"gb-grid-column gb-grid-column-8521edea\"><div class=\"gb-container gb-container-8521edea\"><div class=\"gb-inside-container\">    <h3 class=\"gb-headline gb-headline-d81ba349\"><span class=\"gb-icon\"><svg viewbox=\"0 0 448 512\" xmlns=\"http:\/\/www.w3.org\/2000\/svg\" class=\"svg-inline--fa fa-draw-polygon fa-w-14\" data-icon=\"draw-polygon\" data-prefix=\"fas\" aria-hidden=\"true\"><path d=\"M384 352c-.35 0-.67.1-1.02.1l-39.2-65.32c5.07-9.17 8.22-19.56 8.22-30.78s-3.14-21.61-8.22-30.78l39.2-65.32c.35.01.67.1 1.02.1 35.35 0 64-28.65 64-64s-28.65-64-64-64c-23.63 0-44.04 12.95-55.12 32H119.12C108.04 44.95 87.63 32 64 32 28.65 32 0 60.65 0 96c0 23.63 12.95 44.04 32 55.12v209.75C12.95 371.96 0 392.37 0 416c0 35.35 28.65 64 64 64 23.63 0 44.04-12.95 55.12-32h209.75c11.09 19.05 31.49 32 55.12 32 35.35 0 64-28.65 64-64 .01-35.35-28.64-64-63.99-64zm-288 8.88V151.12A63.825 63.825 0 00119.12 128h208.36l-38.46 64.1c-.35-.01-.67-.1-1.02-.1-35.35 0-64 28.65-64 64s28.65 64 64 64c.35 0 .67-.1 1.02-.1l38.46 64.1H119.12A63.748 63.748 0 0096 360.88zM272 256c0-8.82 7.18-16 16-16s16 7.18 16 16-7.18 16-16 16-16-7.18-16-16zM400 96c0 8.82-7.18 16-16 16s-16-7.18-16-16 7.18-16 16-16 16 7.18 16 16zM64 80c8.82 0 16 7.18 16 16s-7.18 16-16 16-16-7.18-16-16 7.18-16 16-16zM48 416c0-8.82 7.18-16 16-16s16 7.18 16 16-7.18 16-16 16-16-7.18-16-16zm336 16c-8.82 0-16-7.18-16-16s7.18-16 16-16 16 7.18 16 16-7.18 16-16 16z\" fill=\"currentColor\"><\/path><\/svg><\/span><span class=\"gb-headline-text\">Dise\u00f1o de Identidad<\/span><\/h3>        <p>Al dolor le debe seguir la educaci\u00f3n de las personas que viven con la enfermedad. Sin cama al final del d\u00eda. Ahora se ocupar\u00e1 del elemento de la vida, pero \u00e9l quiere ser miembro del equipo de f\u00fatbol. Pero no hay tiempos f\u00e1ciles para la financiaci\u00f3n de esta enfermedad. Mi oficina es un gran dolor.<\/p>        <p class=\"gb-headline gb-headline-428d3653\"><span class=\"gb-icon\"><svg aria-hidden=\"true\" height=\"1em\" width=\"1em\" viewbox=\"0 0 256 512\" xmlns=\"http:\/\/www.w3.org\/2000\/svg\"><path fill=\"currentColor\" d=\"M224.3 273l-136 136c-9.4 9.4-24.6 9.4-33.9 0l-22.6-22.6c-9.4-9.4-9.4-24.6 0-33.9l96.4-96.4-96.4-96.4c-9.4-9.4-9.4-24.6 0-33.9L54.3 103c9.4-9.4 24.6-9.4 33.9 0l136 136c9.5 9.4 9.5 24.6.1 34z\"><\/path><\/svg><\/span><span class=\"gb-headline-text\">Lorem ipsum dolor sit amet, consectetur<\/span><\/p>        <p class=\"gb-headline gb-headline-58c9bba1\"><span class=\"gb-icon\"><svg aria-hidden=\"true\" height=\"1em\" width=\"1em\" viewbox=\"0 0 256 512\" xmlns=\"http:\/\/www.w3.org\/2000\/svg\"><path fill=\"currentColor\" d=\"M224.3 273l-136 136c-9.4 9.4-24.6 9.4-33.9 0l-22.6-22.6c-9.4-9.4-9.4-24.6 0-33.9l96.4-96.4-96.4-96.4c-9.4-9.4-9.4-24.6 0-33.9L54.3 103c9.4-9.4 24.6-9.4 33.9 0l136 136c9.5 9.4 9.5 24.6.1 34z\"><\/path><\/svg><\/span><span class=\"gb-headline-text\">Lorem ipsum dolor sit amet, consectetur<\/span><\/p>        <p class=\"gb-headline gb-headline-1f5e3081\"><span class=\"gb-icon\"><svg aria-hidden=\"true\" height=\"1em\" width=\"1em\" viewbox=\"0 0 256 512\" xmlns=\"http:\/\/www.w3.org\/2000\/svg\"><path fill=\"currentColor\" d=\"M224.3 273l-136 136c-9.4 9.4-24.6 9.4-33.9 0l-22.6-22.6c-9.4-9.4-9.4-24.6 0-33.9l96.4-96.4-96.4-96.4c-9.4-9.4-9.4-24.6 0-33.9L54.3 103c9.4-9.4 24.6-9.4 33.9 0l136 136c9.5 9.4 9.5 24.6.1 34z\"><\/path><\/svg><\/span><span class=\"gb-headline-text\">Lorem ipsum dolor sit amet, consectetur<\/span><\/p>    <\/div><\/div><\/div>    <div class=\"gb-grid-column gb-grid-column-2bb28011\"><div class=\"gb-container gb-container-2bb28011\"><div class=\"gb-inside-container\">    <h3 class=\"gb-headline gb-headline-55161413\"><span class=\"gb-icon\"><svg viewbox=\"0 0 512 512\" xmlns=\"http:\/\/www.w3.org\/2000\/svg\" class=\"svg-inline--fa fa-server fa-w-16\" data-icon=\"server\" data-prefix=\"fas\" aria-hidden=\"true\"><path d=\"M480 160H32c-17.673 0-32-14.327-32-32V64c0-17.673 14.327-32 32-32h448c17.673 0 32 14.327 32 32v64c0 17.673-14.327 32-32 32zm-48-88c-13.255 0-24 10.745-24 24s10.745 24 24 24 24-10.745 24-24-10.745-24-24-24zm-64 0c-13.255 0-24 10.745-24 24s10.745 24 24 24 24-10.745 24-24-10.745-24-24-24zm112 248H32c-17.673 0-32-14.327-32-32v-64c0-17.673 14.327-32 32-32h448c17.673 0 32 14.327 32 32v64c0 17.673-14.327 32-32 32zm-48-88c-13.255 0-24 10.745-24 24s10.745 24 24 24 24-10.745 24-24-10.745-24-24-24zm-64 0c-13.255 0-24 10.745-24 24s10.745 24 24 24 24-10.745 24-24-10.745-24-24-24zm112 248H32c-17.673 0-32-14.327-32-32v-64c0-17.673 14.327-32 32-32h448c17.673 0 32 14.327 32 32v64c0 17.673-14.327 32-32 32zm-48-88c-13.255 0-24 10.745-24 24s10.745 24 24 24 24-10.745 24-24-10.745-24-24-24zm-64 0c-13.255 0-24 10.745-24 24s10.745 24 24 24 24-10.745 24-24-10.745-24-24-24z\" fill=\"currentColor\"><\/path><\/svg><\/span><span class=\"gb-headline-text\">Alojamiento web  <\/span><\/h3>        <p>Al dolor le debe seguir la educaci\u00f3n de las personas que viven con la enfermedad. Sin cama al final del d\u00eda. Ahora se ocupar\u00e1 del elemento de la vida, pero \u00e9l quiere ser miembro del equipo de f\u00fatbol. Pero no hay tiempos f\u00e1ciles para la financiaci\u00f3n de esta enfermedad. Mi oficina es un gran dolor.<\/p>        <p class=\"gb-headline gb-headline-930de825\"><span class=\"gb-icon\"><svg aria-hidden=\"true\" height=\"1em\" width=\"1em\" viewbox=\"0 0 256 512\" xmlns=\"http:\/\/www.w3.org\/2000\/svg\"><path fill=\"currentColor\" d=\"M224.3 273l-136 136c-9.4 9.4-24.6 9.4-33.9 0l-22.6-22.6c-9.4-9.4-9.4-24.6 0-33.9l96.4-96.4-96.4-96.4c-9.4-9.4-9.4-24.6 0-33.9L54.3 103c9.4-9.4 24.6-9.4 33.9 0l136 136c9.5 9.4 9.5 24.6.1 34z\"><\/path><\/svg><\/span><span class=\"gb-headline-text\">Lorem ipsum dolor sit amet, consectetur<\/span><\/p>        <p class=\"gb-headline gb-headline-4c2c8283\"><span class=\"gb-icon\"><svg aria-hidden=\"true\" height=\"1em\" width=\"1em\" viewbox=\"0 0 256 512\" xmlns=\"http:\/\/www.w3.org\/2000\/svg\"><path fill=\"currentColor\" d=\"M224.3 273l-136 136c-9.4 9.4-24.6 9.4-33.9 0l-22.6-22.6c-9.4-9.4-9.4-24.6 0-33.9l96.4-96.4-96.4-96.4c-9.4-9.4-9.4-24.6 0-33.9L54.3 103c9.4-9.4 24.6-9.4 33.9 0l136 136c9.5 9.4 9.5 24.6.1 34z\"><\/path><\/svg><\/span><span class=\"gb-headline-text\">Lorem ipsum dolor sit amet, consectetur<\/span><\/p>        <p class=\"gb-headline gb-headline-8158e95a\"><span class=\"gb-icon\"><svg aria-hidden=\"true\" height=\"1em\" width=\"1em\" viewbox=\"0 0 256 512\" xmlns=\"http:\/\/www.w3.org\/2000\/svg\"><path fill=\"currentColor\" d=\"M224.3 273l-136 136c-9.4 9.4-24.6 9.4-33.9 0l-22.6-22.6c-9.4-9.4-9.4-24.6 0-33.9l96.4-96.4-96.4-96.4c-9.4-9.4-9.4-24.6 0-33.9L54.3 103c9.4-9.4 24.6-9.4 33.9 0l136 136c9.5 9.4 9.5 24.6.1 34z\"><\/path><\/svg><\/span><span class=\"gb-headline-text\">Lorem ipsum dolor sit amet, consectetur<\/span><\/p>    <\/div><\/div><\/div>  <\/div>  <\/div><\/div>    <div class=\"gb-container gb-container-a1f16438\"><div class=\"gb-inside-container\">    <h3 class=\"gb-headline gb-headline-63be62b1 gb-headline-text\">\u00bfTienes curiosidad por saber en qu\u00e9 hemos estado trabajando?<\/h3>      <div class=\"gb-button-wrapper gb-button-wrapper-2dfb7f2b\">    <a class=\"gb-button gb-button-b4d8a0ac\" href=\"https:\/\/gpsites.co\/agency\/case-study-one\/\" target=\"_blank\" rel=\"noopener\"><span class=\"gb-button-text\">Nuestro \u00faltimo estudio de caso<\/span><span class=\"gb-icon\"><svg aria-hidden=\"true\" data-prefix=\"fas\" data-icon=\"long-arrow-alt-right\" class=\"svg-inline--fa fa-long-arrow-alt-right fa-w-14\" xmlns=\"http:\/\/www.w3.org\/2000\/svg\" viewbox=\"0 0 448 512\"><path fill=\"currentColor\" d=\"M313.941 216H12c-6.627 0-12 5.373-12 12v56c0 6.627 5.373 12 12 12h301.941v46.059c0 21.382 25.851 32.09 40.971 16.971l86.059-86.059c9.373-9.373 9.373-24.569 0-33.941l-86.059-86.059c-15.119-15.119-40.971-4.411-40.971 16.971V216z\"><\/path><\/svg><\/span><\/a>    <\/div>  <\/div><\/div>","protected":false},"excerpt":{"rendered":"<p>\u00bfTienes curiosidad por saber en qu\u00e9 hemos estado trabajando?<\/p>","protected":false},"author":1,"featured_media":0,"parent":0,"menu_order":0,"comment_status":"closed","ping_status":"closed","template":"","meta":{"_kad_blocks_custom_css":"","_kad_blocks_head_custom_js":"","_kad_blocks_body_custom_js":"","_kad_blocks_footer_custom_js":"","_kadence_starter_templates_imported_post":false,"_kad_post_transparent":"","_kad_post_title":"","_kad_post_layout":"","_kad_post_sidebar_id":"","_kad_post_content_style":"","_kad_post_vertical_padding":"","_kad_post_feature":"","_kad_post_feature_position":"","_kad_post_header":false,"_kad_post_footer":false,"_kad_post_classname":"","footnotes":""},"class_list":["post-17703","page","type-page","status-publish","hentry"],"taxonomy_info":[],"featured_image_src_large":false,"author_info":{"display_name":"shuliysusie","author_link":"https:\/\/www.walnutmachine.com\/es\/author\/shuliysusie\/"},"comment_info":"","_links":{"self":[{"href":"https:\/\/www.walnutmachine.com\/es\/wp-json\/wp\/v2\/pages\/17703","targetHints":{"allow":["GET"]}}],"collection":[{"href":"https:\/\/www.walnutmachine.com\/es\/wp-json\/wp\/v2\/pages"}],"about":[{"href":"https:\/\/www.walnutmachine.com\/es\/wp-json\/wp\/v2\/types\/page"}],"author":[{"embeddable":true,"href":"https:\/\/www.walnutmachine.com\/es\/wp-json\/wp\/v2\/users\/1"}],"replies":[{"embeddable":true,"href":"https:\/\/www.walnutmachine.com\/es\/wp-json\/wp\/v2\/comments?post=17703"}],"version-history":[{"count":0,"href":"https:\/\/www.walnutmachine.com\/es\/wp-json\/wp\/v2\/pages\/17703\/revisions"}],"wp:attachment":[{"href":"https:\/\/www.walnutmachine.com\/es\/wp-json\/wp\/v2\/media?parent=17703"}],"curies":[{"name":"wp","href":"https:\/\/api.w.org\/{rel}","templated":true}]}}