{"id":17711,"date":"2020-02-04T16:56:51","date_gmt":"2020-02-04T21:56:51","guid":{"rendered":"https:\/\/gpsites.co\/agency\/?page_id=17711"},"modified":"2024-03-29T16:54:51","modified_gmt":"2024-03-29T08:54:51","slug":"about","status":"publish","type":"page","link":"https:\/\/www.walnutmachine.com\/fr\/about\/","title":{"rendered":"\u00c0 propos"},"content":{"rendered":"<div class=\"gb-container gb-container-51802b4c\"><div class=\"gb-inside-container\">    <h1 class=\"gb-headline gb-headline-3689c49d gb-headline-text\">Une petite \u00e9quipe avec <mark class=\"gb-highlight\">grand<\/mark> id\u00e9es<\/h1>    <\/div><\/div>    <div class=\"gb-container gb-container-a32d6d1c\"><div class=\"gb-inside-container\">  <div class=\"gb-grid-wrapper gb-grid-wrapper-9f8a370f\">  <div class=\"gb-grid-column gb-grid-column-fca4fc92\"><div class=\"gb-container gb-container-fca4fc92\"><div class=\"gb-inside-container\">    <\/div><\/div><\/div>    <div class=\"gb-grid-column gb-grid-column-236e5403\"><div class=\"gb-container gb-container-236e5403\"><div class=\"gb-inside-container\">    <h3 class=\"gb-headline gb-headline-e62c6ded gb-headline-text\">Rod Farva<\/h3>        <p class=\"gb-headline gb-headline-b7b755e5 gb-headline-text translation-block\"><em>Grand Chef<\/em><\/p>        <p>\u00c0 la douleur doit s\u2019ajouter l\u2019\u00e9ducation des personnes vivant avec la maladie. Pas de lit en fin de journ\u00e9e. L'\u00e9l\u00e9ment de vie sera pris en charge d\u00e9sormais mais il veut \u00eatre membre de l'\u00e9quipe de football. <\/p>      <div class=\"gb-button-wrapper gb-button-wrapper-9b386c4f\">    <a class=\"gb-button gb-button-72c5abe3\" href=\"#\"><span class=\"gb-icon\"><svg aria-hidden=\"true\" height=\"1em\" width=\"1em\" viewbox=\"0 0 448 512\" xmlns=\"http:\/\/www.w3.org\/2000\/svg\"><path fill=\"currentColor\" d=\"M100.28 448H7.4V148.9h92.88zM53.79 108.1C24.09 108.1 0 83.5 0 53.8a53.79 53.79 0 01107.58 0c0 29.7-24.1 54.3-53.79 54.3zM447.9 448h-92.68V302.4c0-34.7-.7-79.2-48.29-79.2-48.29 0-55.69 37.7-55.69 76.7V448h-92.78V148.9h89.08v40.8h1.3c12.4-23.5 42.69-48.3 87.88-48.3 94 0 111.28 61.9 111.28 142.3V448z\"><\/path><\/svg><\/span><\/a>        <a class=\"gb-button gb-button-6f982b13\" href=\"#\"><span class=\"gb-icon\"><svg aria-hidden=\"true\" height=\"1em\" width=\"1em\" viewbox=\"0 0 512 512\" xmlns=\"http:\/\/www.w3.org\/2000\/svg\"><path fill=\"currentColor\" d=\"M459.37 151.716c.325 4.548.325 9.097.325 13.645 0 138.72-105.583 298.558-298.558 298.558-59.452 0-114.68-17.219-161.137-47.106 8.447.974 16.568 1.299 25.34 1.299 49.055 0 94.213-16.568 130.274-44.832-46.132-.975-84.792-31.188-98.112-72.772 6.498.974 12.995 1.624 19.818 1.624 9.421 0 18.843-1.3 27.614-3.573-48.081-9.747-84.143-51.98-84.143-102.985v-1.299c13.969 7.797 30.214 12.67 47.431 13.319-28.264-18.843-46.781-51.005-46.781-87.391 0-19.492 5.197-37.36 14.294-52.954 51.655 63.675 129.3 105.258 216.365 109.807-1.624-7.797-2.599-15.918-2.599-24.04 0-57.828 46.782-104.934 104.934-104.934 30.213 0 57.502 12.67 76.67 33.137 23.715-4.548 46.456-13.32 66.599-25.34-7.798 24.366-24.366 44.833-46.132 57.827 21.117-2.273 41.584-8.122 60.426-16.243-14.292 20.791-32.161 39.308-52.628 54.253z\"><\/path><\/svg><\/span><\/a>        <a class=\"gb-button gb-button-19ad0418\" href=\"#\"><span class=\"gb-icon\"><svg aria-hidden=\"true\" height=\"1em\" width=\"1em\" viewbox=\"0 0 320 512\" xmlns=\"http:\/\/www.w3.org\/2000\/svg\"><path fill=\"currentColor\" d=\"M279.14 288l14.22-92.66h-88.91v-60.13c0-25.35 12.42-50.06 52.24-50.06h40.42V6.26S260.43 0 225.36 0c-73.22 0-121.08 44.38-121.08 124.72v70.62H22.89V288h81.39v224h100.17V288z\"><\/path><\/svg><\/span><\/a>    <\/div>  <\/div><\/div><\/div>    <div class=\"gb-grid-column gb-grid-column-6f42f23a\"><div class=\"gb-container gb-container-6f42f23a\"><div class=\"gb-inside-container\">    <\/div><\/div><\/div>    <div class=\"gb-grid-column gb-grid-column-c1c9135f\"><div class=\"gb-container gb-container-c1c9135f\"><div class=\"gb-inside-container\">    <h3 class=\"gb-headline gb-headline-0a48a16f gb-headline-text\">Rod Farva<\/h3>        <p class=\"gb-headline gb-headline-9aae839b gb-headline-text translation-block\"><em>Grand Chef<\/em><\/p>        <p>\u00c0 la douleur doit s\u2019ajouter l\u2019\u00e9ducation des personnes vivant avec la maladie. Pas de lit en fin de journ\u00e9e. L'\u00e9l\u00e9ment de vie sera pris en charge d\u00e9sormais mais il veut \u00eatre membre de l'\u00e9quipe de football. <\/p>      <div class=\"gb-button-wrapper gb-button-wrapper-97e1d3d9\">    <a class=\"gb-button gb-button-8dd96615\" href=\"#\"><span class=\"gb-icon\"><svg aria-hidden=\"true\" height=\"1em\" width=\"1em\" viewbox=\"0 0 448 512\" xmlns=\"http:\/\/www.w3.org\/2000\/svg\"><path fill=\"currentColor\" d=\"M100.28 448H7.4V148.9h92.88zM53.79 108.1C24.09 108.1 0 83.5 0 53.8a53.79 53.79 0 01107.58 0c0 29.7-24.1 54.3-53.79 54.3zM447.9 448h-92.68V302.4c0-34.7-.7-79.2-48.29-79.2-48.29 0-55.69 37.7-55.69 76.7V448h-92.78V148.9h89.08v40.8h1.3c12.4-23.5 42.69-48.3 87.88-48.3 94 0 111.28 61.9 111.28 142.3V448z\"><\/path><\/svg><\/span><\/a>        <a class=\"gb-button gb-button-aa73a7c6\" href=\"#\"><span class=\"gb-icon\"><svg aria-hidden=\"true\" height=\"1em\" width=\"1em\" viewbox=\"0 0 512 512\" xmlns=\"http:\/\/www.w3.org\/2000\/svg\"><path fill=\"currentColor\" d=\"M459.37 151.716c.325 4.548.325 9.097.325 13.645 0 138.72-105.583 298.558-298.558 298.558-59.452 0-114.68-17.219-161.137-47.106 8.447.974 16.568 1.299 25.34 1.299 49.055 0 94.213-16.568 130.274-44.832-46.132-.975-84.792-31.188-98.112-72.772 6.498.974 12.995 1.624 19.818 1.624 9.421 0 18.843-1.3 27.614-3.573-48.081-9.747-84.143-51.98-84.143-102.985v-1.299c13.969 7.797 30.214 12.67 47.431 13.319-28.264-18.843-46.781-51.005-46.781-87.391 0-19.492 5.197-37.36 14.294-52.954 51.655 63.675 129.3 105.258 216.365 109.807-1.624-7.797-2.599-15.918-2.599-24.04 0-57.828 46.782-104.934 104.934-104.934 30.213 0 57.502 12.67 76.67 33.137 23.715-4.548 46.456-13.32 66.599-25.34-7.798 24.366-24.366 44.833-46.132 57.827 21.117-2.273 41.584-8.122 60.426-16.243-14.292 20.791-32.161 39.308-52.628 54.253z\"><\/path><\/svg><\/span><\/a>        <a class=\"gb-button gb-button-db9b0273\" href=\"#\"><span class=\"gb-icon\"><svg aria-hidden=\"true\" height=\"1em\" width=\"1em\" viewbox=\"0 0 320 512\" xmlns=\"http:\/\/www.w3.org\/2000\/svg\"><path fill=\"currentColor\" d=\"M279.14 288l14.22-92.66h-88.91v-60.13c0-25.35 12.42-50.06 52.24-50.06h40.42V6.26S260.43 0 225.36 0c-73.22 0-121.08 44.38-121.08 124.72v70.62H22.89V288h81.39v224h100.17V288z\"><\/path><\/svg><\/span><\/a>    <\/div>  <\/div><\/div><\/div>  <\/div>  <\/div><\/div>    <div class=\"gb-container gb-container-4f5e6244\"><div class=\"gb-inside-container\">  <div class=\"gb-grid-wrapper gb-grid-wrapper-f03489f1\">  <div class=\"gb-grid-column gb-grid-column-2b2a7580\"><div class=\"gb-container gb-container-2b2a7580\"><div class=\"gb-inside-container\">    <\/div><\/div><\/div>    <div class=\"gb-grid-column gb-grid-column-9163d250\"><div class=\"gb-container gb-container-9163d250\"><div class=\"gb-inside-container\">    <h3 class=\"gb-headline gb-headline-38c145a6 gb-headline-text\">Rod Farva<\/h3>        <p class=\"gb-headline gb-headline-eaa9736b gb-headline-text translation-block\"><em>Grand Chef<\/em><\/p>        <p>\u00c0 la douleur doit s\u2019ajouter l\u2019\u00e9ducation des personnes vivant avec la maladie. Pas de lit en fin de journ\u00e9e. L'\u00e9l\u00e9ment de vie sera pris en charge d\u00e9sormais mais il veut \u00eatre membre de l'\u00e9quipe de football. <\/p>      <div class=\"gb-button-wrapper gb-button-wrapper-484dbbce\">    <a class=\"gb-button gb-button-880beb88\" href=\"#\"><span class=\"gb-icon\"><svg aria-hidden=\"true\" height=\"1em\" width=\"1em\" viewbox=\"0 0 448 512\" xmlns=\"http:\/\/www.w3.org\/2000\/svg\"><path fill=\"currentColor\" d=\"M100.28 448H7.4V148.9h92.88zM53.79 108.1C24.09 108.1 0 83.5 0 53.8a53.79 53.79 0 01107.58 0c0 29.7-24.1 54.3-53.79 54.3zM447.9 448h-92.68V302.4c0-34.7-.7-79.2-48.29-79.2-48.29 0-55.69 37.7-55.69 76.7V448h-92.78V148.9h89.08v40.8h1.3c12.4-23.5 42.69-48.3 87.88-48.3 94 0 111.28 61.9 111.28 142.3V448z\"><\/path><\/svg><\/span><\/a>        <a class=\"gb-button gb-button-7e9b8252\" href=\"#\"><span class=\"gb-icon\"><svg aria-hidden=\"true\" height=\"1em\" width=\"1em\" viewbox=\"0 0 512 512\" xmlns=\"http:\/\/www.w3.org\/2000\/svg\"><path fill=\"currentColor\" d=\"M459.37 151.716c.325 4.548.325 9.097.325 13.645 0 138.72-105.583 298.558-298.558 298.558-59.452 0-114.68-17.219-161.137-47.106 8.447.974 16.568 1.299 25.34 1.299 49.055 0 94.213-16.568 130.274-44.832-46.132-.975-84.792-31.188-98.112-72.772 6.498.974 12.995 1.624 19.818 1.624 9.421 0 18.843-1.3 27.614-3.573-48.081-9.747-84.143-51.98-84.143-102.985v-1.299c13.969 7.797 30.214 12.67 47.431 13.319-28.264-18.843-46.781-51.005-46.781-87.391 0-19.492 5.197-37.36 14.294-52.954 51.655 63.675 129.3 105.258 216.365 109.807-1.624-7.797-2.599-15.918-2.599-24.04 0-57.828 46.782-104.934 104.934-104.934 30.213 0 57.502 12.67 76.67 33.137 23.715-4.548 46.456-13.32 66.599-25.34-7.798 24.366-24.366 44.833-46.132 57.827 21.117-2.273 41.584-8.122 60.426-16.243-14.292 20.791-32.161 39.308-52.628 54.253z\"><\/path><\/svg><\/span><\/a>        <a class=\"gb-button gb-button-e0d109db\" href=\"#\"><span class=\"gb-icon\"><svg aria-hidden=\"true\" height=\"1em\" width=\"1em\" viewbox=\"0 0 320 512\" xmlns=\"http:\/\/www.w3.org\/2000\/svg\"><path fill=\"currentColor\" d=\"M279.14 288l14.22-92.66h-88.91v-60.13c0-25.35 12.42-50.06 52.24-50.06h40.42V6.26S260.43 0 225.36 0c-73.22 0-121.08 44.38-121.08 124.72v70.62H22.89V288h81.39v224h100.17V288z\"><\/path><\/svg><\/span><\/a>    <\/div>  <\/div><\/div><\/div>    <div class=\"gb-grid-column gb-grid-column-60eec04a\"><div class=\"gb-container gb-container-60eec04a\"><div class=\"gb-inside-container\">    <\/div><\/div><\/div>    <div class=\"gb-grid-column gb-grid-column-2aa15bb2\"><div class=\"gb-container gb-container-2aa15bb2\"><div class=\"gb-inside-container\">    <h3 class=\"gb-headline gb-headline-8413189b gb-headline-text\">Rod Farva<\/h3>        <p class=\"gb-headline gb-headline-984fe7c4 gb-headline-text translation-block\"><em>Grand Chef<\/em><\/p>        <p>\u00c0 la douleur doit s\u2019ajouter l\u2019\u00e9ducation des personnes vivant avec la maladie. Pas de lit en fin de journ\u00e9e. L'\u00e9l\u00e9ment de vie sera pris en charge d\u00e9sormais mais il veut \u00eatre membre de l'\u00e9quipe de football. <\/p>      <div class=\"gb-button-wrapper gb-button-wrapper-1c98d10c\">    <a class=\"gb-button gb-button-7f814533\" href=\"#\"><span class=\"gb-icon\"><svg aria-hidden=\"true\" height=\"1em\" width=\"1em\" viewbox=\"0 0 448 512\" xmlns=\"http:\/\/www.w3.org\/2000\/svg\"><path fill=\"currentColor\" d=\"M100.28 448H7.4V148.9h92.88zM53.79 108.1C24.09 108.1 0 83.5 0 53.8a53.79 53.79 0 01107.58 0c0 29.7-24.1 54.3-53.79 54.3zM447.9 448h-92.68V302.4c0-34.7-.7-79.2-48.29-79.2-48.29 0-55.69 37.7-55.69 76.7V448h-92.78V148.9h89.08v40.8h1.3c12.4-23.5 42.69-48.3 87.88-48.3 94 0 111.28 61.9 111.28 142.3V448z\"><\/path><\/svg><\/span><\/a>        <a class=\"gb-button gb-button-2aa47359\" href=\"#\"><span class=\"gb-icon\"><svg aria-hidden=\"true\" height=\"1em\" width=\"1em\" viewbox=\"0 0 512 512\" xmlns=\"http:\/\/www.w3.org\/2000\/svg\"><path fill=\"currentColor\" d=\"M459.37 151.716c.325 4.548.325 9.097.325 13.645 0 138.72-105.583 298.558-298.558 298.558-59.452 0-114.68-17.219-161.137-47.106 8.447.974 16.568 1.299 25.34 1.299 49.055 0 94.213-16.568 130.274-44.832-46.132-.975-84.792-31.188-98.112-72.772 6.498.974 12.995 1.624 19.818 1.624 9.421 0 18.843-1.3 27.614-3.573-48.081-9.747-84.143-51.98-84.143-102.985v-1.299c13.969 7.797 30.214 12.67 47.431 13.319-28.264-18.843-46.781-51.005-46.781-87.391 0-19.492 5.197-37.36 14.294-52.954 51.655 63.675 129.3 105.258 216.365 109.807-1.624-7.797-2.599-15.918-2.599-24.04 0-57.828 46.782-104.934 104.934-104.934 30.213 0 57.502 12.67 76.67 33.137 23.715-4.548 46.456-13.32 66.599-25.34-7.798 24.366-24.366 44.833-46.132 57.827 21.117-2.273 41.584-8.122 60.426-16.243-14.292 20.791-32.161 39.308-52.628 54.253z\"><\/path><\/svg><\/span><\/a>        <a class=\"gb-button gb-button-c7ef3c1b\" href=\"#\"><span class=\"gb-icon\"><svg aria-hidden=\"true\" height=\"1em\" width=\"1em\" viewbox=\"0 0 320 512\" xmlns=\"http:\/\/www.w3.org\/2000\/svg\"><path fill=\"currentColor\" d=\"M279.14 288l14.22-92.66h-88.91v-60.13c0-25.35 12.42-50.06 52.24-50.06h40.42V6.26S260.43 0 225.36 0c-73.22 0-121.08 44.38-121.08 124.72v70.62H22.89V288h81.39v224h100.17V288z\"><\/path><\/svg><\/span><\/a>    <\/div>  <\/div><\/div><\/div>  <\/div>  <\/div><\/div>    <div class=\"gb-container gb-container-9e9518c9\"><div class=\"gb-inside-container\">    <h3 class=\"gb-headline gb-headline-5f34cf1e gb-headline-text\">Vous souhaitez rejoindre notre \u00e9quipe ?<\/h3>      <div class=\"gb-button-wrapper gb-button-wrapper-b5442fcf\">    <a class=\"gb-button gb-button-6d075c12\" href=\"https:\/\/gpsites.co\/agency\/contact\/\" target=\"_blank\" rel=\"noopener\"><span class=\"gb-button-text\">Dis bonjour<\/span><span class=\"gb-icon\"><svg viewbox=\"0 0 448 512\" xmlns=\"http:\/\/www.w3.org\/2000\/svg\" class=\"svg-inline--fa fa-long-arrow-alt-right fa-w-14\" data-icon=\"long-arrow-alt-right\" data-prefix=\"fas\" aria-hidden=\"true\"><path d=\"M313.941 216H12c-6.627 0-12 5.373-12 12v56c0 6.627 5.373 12 12 12h301.941v46.059c0 21.382 25.851 32.09 40.971 16.971l86.059-86.059c9.373-9.373 9.373-24.569 0-33.941l-86.059-86.059c-15.119-15.119-40.971-4.411-40.971 16.971V216z\" fill=\"currentColor\"><\/path><\/svg><\/span><\/a>    <\/div>  <\/div><\/div>","protected":false},"excerpt":{"rendered":"<p><a href=\"https:\/\/walnutmachine.com\/fr\/about\/\" target=\"_top\"> \t\t\t\t\u00c0 propos\t\t\t<\/a><\/p>","protected":false},"author":1,"featured_media":0,"parent":0,"menu_order":0,"comment_status":"closed","ping_status":"closed","template":"","meta":{"_kad_blocks_custom_css":"","_kad_blocks_head_custom_js":"","_kad_blocks_body_custom_js":"","_kad_blocks_footer_custom_js":"","_kadence_starter_templates_imported_post":false,"_kad_post_transparent":"","_kad_post_title":"","_kad_post_layout":"","_kad_post_sidebar_id":"","_kad_post_content_style":"","_kad_post_vertical_padding":"","_kad_post_feature":"","_kad_post_feature_position":"","_kad_post_header":false,"_kad_post_footer":false,"_kad_post_classname":"","footnotes":""},"class_list":["post-17711","page","type-page","status-publish","hentry"],"taxonomy_info":[],"featured_image_src_large":false,"author_info":{"display_name":"shuliysusie","author_link":"https:\/\/www.walnutmachine.com\/fr\/author\/shuliysusie\/"},"comment_info":"","_links":{"self":[{"href":"https:\/\/www.walnutmachine.com\/fr\/wp-json\/wp\/v2\/pages\/17711","targetHints":{"allow":["GET"]}}],"collection":[{"href":"https:\/\/www.walnutmachine.com\/fr\/wp-json\/wp\/v2\/pages"}],"about":[{"href":"https:\/\/www.walnutmachine.com\/fr\/wp-json\/wp\/v2\/types\/page"}],"author":[{"embeddable":true,"href":"https:\/\/www.walnutmachine.com\/fr\/wp-json\/wp\/v2\/users\/1"}],"replies":[{"embeddable":true,"href":"https:\/\/www.walnutmachine.com\/fr\/wp-json\/wp\/v2\/comments?post=17711"}],"version-history":[{"count":0,"href":"https:\/\/www.walnutmachine.com\/fr\/wp-json\/wp\/v2\/pages\/17711\/revisions"}],"wp:attachment":[{"href":"https:\/\/www.walnutmachine.com\/fr\/wp-json\/wp\/v2\/media?parent=17711"}],"curies":[{"name":"wp","href":"https:\/\/api.w.org\/{rel}","templated":true}]}}