{"id":19462,"date":"2020-05-13T18:35:13","date_gmt":"2020-05-13T22:35:13","guid":{"rendered":"https:\/\/gpsites.co\/agency\/?page_id=19462"},"modified":"2020-05-13T18:35:13","modified_gmt":"2020-05-13T22:35:13","slug":"style-guide","status":"publish","type":"page","link":"https:\/\/www.walnutmachine.com\/fr\/style-guide\/","title":{"rendered":"Guide de style."},"content":{"rendered":"<div class=\"gb-container gb-container-2d61d77e\"><div class=\"gb-inside-container\">    <p class=\"gb-headline gb-headline-c90c81a0 gb-headline-text\">Liste de tous les blocs utilis\u00e9s <\/p>        <h4 class=\"gb-headline gb-headline-50790172 gb-headline-text\">GenerateBlocks, bloc de paragraphe, bloc d'image, bloc de liste<\/h4>        <p class=\"gb-headline gb-headline-5197762b gb-headline-text\">Titres \/\/ Source Serif Pro<\/p>        <h1 class=\"gb-headline gb-headline-fd48e477 gb-headline-text\">H1 Montrez au monde \u00e0 quel point votre agence est g\u00e9niale.<\/h1>        <h2 class=\"gb-headline gb-headline-9370d310 gb-headline-text\">H2 Montrez au monde \u00e0 quel point votre agence est g\u00e9niale.<\/h2>        <h3 class=\"gb-headline gb-headline-7faf963d gb-headline-text\">H3 Montrez au monde \u00e0 quel point votre agence est g\u00e9niale.<\/h3>        <h4 class=\"gb-headline gb-headline-a7af8829 gb-headline-text\">H4 Montrez au monde \u00e0 quel point votre agence est g\u00e9niale.<\/h4>        <p class=\"gb-headline gb-headline-b8d4b30f gb-headline-text\">Corps du texte \/\/ Source Sans Pro<\/p>        <p>Mollis pretium lorem primis senectasse lectus scelerisque jusqu'\u00e0, ulttricies tortor suspendisse adipiscing fusce morbi volutpat pellentesque, consectetur mi risus molestie caree malesuada cum. Dignissim lacus convallis massa mauris enim ad mattis magnis senectus montes, moltis tacite phasellus accumsan bibendum semper blandit suspendisse faucibus nibh est, peur lobortis morbi demain nous vivrons \u00e0 travers le fermentum du rire. Le budget actuel sera financ\u00e9 par de gros devoirs ridicules que l'on dit gros de fl\u00e8ches, car m\u00eame s'il s'agit d'un grand projet, les membres donneront naissance \u00e0 un doux carquois, en bronze ou le n\u00f4tre.<\/p>      <div class=\"gb-container gb-container-07a60753\"><div class=\"gb-inside-container\">    <h3 class=\"gb-headline gb-headline-60a024fe gb-headline-text\">\"Le lettrage diff\u00e8re du type de la m\u00eame mani\u00e8re que la p\u00e2te \u00e0 modeler diff\u00e8re des briques LEGO\u00ae.\" \u2013Marc Simonson<\/h3>    <\/div><\/div>      <p>Des vies enti\u00e8res ne prennent pas de souris silencieuse m\u00eame \u00e0 la premi\u00e8re fois des fl\u00e8ches, Euismod libero facilisi aptent element felis flatte le parcours des partenaires enceintes avant, eleifend lectus no dapibus netus feugiat sera pris en charge ad. Massa care fringilla consectetur porttitor quam sollicitudin iaculis apten leo ligula euismod dictumst, orci penatibus mauris eros etiam praesent erat volutpat putuere.<\/p>        <p>Mollis pretium lorem primis senectasse lectus scelerisque jusqu'\u00e0, ultricies tortor suspendisse adipiscing fusce morbi volutpat pellentesque, consectetur mi risus molestie care malesuada cum. Dignissim lacus convallis massa mauris enim ad mattis magnis senectus montes, moltis tacite phasellus accumsan bibendum semper blandit suspendisse faucibus nibh est, peur lobortis morbi morbi magna. <\/p>        <p class=\"gb-headline gb-headline-ecd26bc5 gb-headline-text\">Couleurs<\/p>      <div class=\"gb-button-wrapper gb-button-wrapper-d5d433a7\">    <span class=\"gb-button gb-button-bb8a0374 gb-button-text\"><\/span>        <span class=\"gb-button gb-button-c67ea534 gb-button-text\"><\/span>        <span class=\"gb-button gb-button-0cd64061 gb-button-text\"><\/span>        <span class=\"gb-button gb-button-b2e5f6c7 gb-button-text\"><\/span>    <\/div>      <p class=\"gb-headline gb-headline-9de5d0da gb-headline-text\">Boutons<\/p>      <div class=\"gb-button-wrapper gb-button-wrapper-c7619641\">    <a class=\"gb-button gb-button-3192e5e7\" href=\"https:\/\/gpsites.co\/agency\/contact\/\" target=\"_blank\" rel=\"noopener\"><span class=\"gb-button-text\">Bouton Ic\u00f4ne<\/span><span class=\"gb-icon\"><svg aria-hidden=\"true\" data-prefix=\"fas\" data-icon=\"long-arrow-alt-right\" class=\"svg-inline--fa fa-long-arrow-alt-right fa-w-14\" xmlns=\"http:\/\/www.w3.org\/2000\/svg\" viewbox=\"0 0 448 512\"><path fill=\"currentColor\" d=\"M313.941 216H12c-6.627 0-12 5.373-12 12v56c0 6.627 5.373 12 12 12h301.941v46.059c0 21.382 25.851 32.09 40.971 16.971l86.059-86.059c9.373-9.373 9.373-24.569 0-33.941l-86.059-86.059c-15.119-15.119-40.971-4.411-40.971 16.971V216z\"><\/path><\/svg><\/span><\/a>        <a class=\"gb-button gb-button-950c9082\" href=\"https:\/\/gpsites.co\/agency\/contact\/\" target=\"_blank\" rel=\"noopener\"><span class=\"gb-button-text\">Bouton Ic\u00f4ne<\/span><span class=\"gb-icon\"><svg aria-hidden=\"true\" data-prefix=\"fas\" data-icon=\"long-arrow-alt-right\" class=\"svg-inline--fa fa-long-arrow-alt-right fa-w-14\" xmlns=\"http:\/\/www.w3.org\/2000\/svg\" viewbox=\"0 0 448 512\"><path fill=\"currentColor\" d=\"M313.941 216H12c-6.627 0-12 5.373-12 12v56c0 6.627 5.373 12 12 12h301.941v46.059c0 21.382 25.851 32.09 40.971 16.971l86.059-86.059c9.373-9.373 9.373-24.569 0-33.941l-86.059-86.059c-15.119-15.119-40.971-4.411-40.971 16.971V216z\"><\/path><\/svg><\/span><\/a>    <\/div>    <div class=\"gb-button-wrapper gb-button-wrapper-cf41ca75\">    <a class=\"gb-button gb-button-bb67dea8\" href=\"https:\/\/gpsites.co\/agency\/case-study-two\/\" target=\"_blank\" rel=\"noopener\"><span class=\"gb-button-text\">Lien texte et ic\u00f4ne<\/span><span class=\"gb-icon\"><svg aria-hidden=\"true\" data-prefix=\"fas\" data-icon=\"long-arrow-alt-right\" class=\"svg-inline--fa fa-long-arrow-alt-right fa-w-14\" xmlns=\"http:\/\/www.w3.org\/2000\/svg\" viewbox=\"0 0 448 512\"><path fill=\"currentColor\" d=\"M313.941 216H12c-6.627 0-12 5.373-12 12v56c0 6.627 5.373 12 12 12h301.941v46.059c0 21.382 25.851 32.09 40.971 16.971l86.059-86.059c9.373-9.373 9.373-24.569 0-33.941l-86.059-86.059c-15.119-15.119-40.971-4.411-40.971 16.971V216z\"><\/path><\/svg><\/span><\/a>    <\/div>      <h4 class=\"gb-headline gb-headline-b2a34085 gb-headline-text\">Illustrations par <a href=\"https:\/\/twitter.com\/ninaLimpi\" target=\"_blank\" rel=\"noreferrer noopener\" data-no-translation=\"\">Katerina Limpitsouni<\/a> mais <a rel=\"noreferrer noopener\" href=\"https:\/\/undraw.co\/\" target=\"_blank\">D\u00e9dessiner<\/a><\/h4>    <\/div><\/div>","protected":false},"excerpt":{"rendered":"<p>List of all Blocks used GenerateBlocks, paragraph block, image block, list block Headlines \/\/ Source Serif Pro H1 Show the world how awesome your agency is. H2 Show the world how awesome your agency is. H3 Show the world how awesome your agency is. H4 Show the world how awesome your agency is. Body Text&#8230;<\/p>","protected":false},"author":1,"featured_media":0,"parent":0,"menu_order":0,"comment_status":"closed","ping_status":"closed","template":"","meta":{"_kad_blocks_custom_css":"","_kad_blocks_head_custom_js":"","_kad_blocks_body_custom_js":"","_kad_blocks_footer_custom_js":"","_kadence_starter_templates_imported_post":false,"_kad_post_transparent":"","_kad_post_title":"","_kad_post_layout":"","_kad_post_sidebar_id":"","_kad_post_content_style":"","_kad_post_vertical_padding":"","_kad_post_feature":"","_kad_post_feature_position":"","_kad_post_header":false,"_kad_post_footer":false,"_kad_post_classname":"","footnotes":""},"class_list":["post-19462","page","type-page","status-publish","hentry"],"taxonomy_info":[],"featured_image_src_large":false,"author_info":{"display_name":"shuliysusie","author_link":"https:\/\/www.walnutmachine.com\/fr\/author\/shuliysusie\/"},"comment_info":"","_links":{"self":[{"href":"https:\/\/www.walnutmachine.com\/fr\/wp-json\/wp\/v2\/pages\/19462","targetHints":{"allow":["GET"]}}],"collection":[{"href":"https:\/\/www.walnutmachine.com\/fr\/wp-json\/wp\/v2\/pages"}],"about":[{"href":"https:\/\/www.walnutmachine.com\/fr\/wp-json\/wp\/v2\/types\/page"}],"author":[{"embeddable":true,"href":"https:\/\/www.walnutmachine.com\/fr\/wp-json\/wp\/v2\/users\/1"}],"replies":[{"embeddable":true,"href":"https:\/\/www.walnutmachine.com\/fr\/wp-json\/wp\/v2\/comments?post=19462"}],"version-history":[{"count":0,"href":"https:\/\/www.walnutmachine.com\/fr\/wp-json\/wp\/v2\/pages\/19462\/revisions"}],"wp:attachment":[{"href":"https:\/\/www.walnutmachine.com\/fr\/wp-json\/wp\/v2\/media?parent=19462"}],"curies":[{"name":"wp","href":"https:\/\/api.w.org\/{rel}","templated":true}]}}