{"id":5,"date":"2018-07-19T08:30:29","date_gmt":"2018-07-19T08:30:29","guid":{"rendered":"http:\/\/www.walnutmachine.com\/?page_id=5"},"modified":"2024-03-29T16:54:30","modified_gmt":"2024-03-29T08:54:30","slug":"about-us","status":"publish","type":"page","link":"https:\/\/www.walnutmachine.com\/fr\/about-us\/","title":{"rendered":"\u00c0 propos de nous"},"content":{"rendered":"<figure class=\"wp-block-image alignfull size-large\"><img loading=\"lazy\" decoding=\"async\" width=\"1024\" height=\"290\" src=\"https:\/\/www.walnutmachine.com\/wp-content\/uploads\/2018\/07\/about-us-1024x290.jpg\" alt=\"\" class=\"wp-image-22\" title=\"\" srcset=\"https:\/\/www.walnutmachine.com\/wp-content\/uploads\/2018\/07\/about-us-1024x290.jpg 1024w, https:\/\/www.walnutmachine.com\/wp-content\/uploads\/2018\/07\/about-us-300x85.jpg 300w, https:\/\/www.walnutmachine.com\/wp-content\/uploads\/2018\/07\/about-us-768x217.jpg 768w, https:\/\/www.walnutmachine.com\/wp-content\/uploads\/2018\/07\/about-us.jpg 1060w\" sizes=\"auto, (max-width: 1024px) 100vw, 1024px\" \/><\/figure>    <p>Zhengzhou Shuliy Machinery Co., Ltd\u00a0est une\u00a0entreprise bien connue qui int\u00e8gre la recherche scientifique, le d\u00e9veloppement, la conception, la fabrication et la vente dans son ensemble. Il est situ\u00e9 dans la zone de d\u00e9veloppement \u00e9conomique et technologique de Zhengzhou, qui est un centre commercial et \u00e9conomique, principalement engag\u00e9 dans l'importation et l'exportation d'\u00e9quipements m\u00e9caniques. Ici, nous avons plus de 300 employ\u00e9s tous motiv\u00e9s par la joie de travailler en famille.<\/p>    <hr class=\"wp-block-separator\"\/>    <h3 class=\"alignwide wp-block-heading\" id=\"h-\"><img loading=\"lazy\" decoding=\"async\" class=\"alignnone  wp-image-278\" src=\"http:\/\/www.walnutmachine.com\/wp-content\/uploads\/2018\/08\/about-us.jpg\" alt=\"\" width=\"1199\" height=\"500\" title=\"\"><\/h3>    <h3 class=\"has-text-align-center wp-block-heading\" id=\"h-service-and-support\">SERVICE ET ASSISTANCE<\/h3>    <p>Les gens de Shuliy ont mis en place une bonne philosophie de service\u00a0: r\u00e9parer l'\u00e9quipement en temps opportun en cas de panne\u00a0; assurer la conception de projets et la conception de flux de production pour les clients\u00a0; formuler le plan d'achat d'\u00e9quipement pour les clients\u00a0; fournir des produits de haute qualit\u00e9\u00a0; fournir une formation client attentionn\u00e9e\u00a0; r\u00e9parer en temps opportun et efficacement le d\u00e9faut de l'\u00e9quipement et tester et r\u00e9soudre les probl\u00e8mes de traitement difficiles pour les clients.<\/p>    <figure class=\"wp-block-image alignfull size-large\"><img loading=\"lazy\" decoding=\"async\" width=\"1024\" height=\"367\" src=\"https:\/\/www.walnutmachine.com\/wp-content\/uploads\/2018\/07\/service-1024x367.jpg\" alt=\"\" class=\"wp-image-206\" title=\"\" srcset=\"https:\/\/www.walnutmachine.com\/wp-content\/uploads\/2018\/07\/service-1024x367.jpg 1024w, https:\/\/www.walnutmachine.com\/wp-content\/uploads\/2018\/07\/service-300x107.jpg 300w, https:\/\/www.walnutmachine.com\/wp-content\/uploads\/2018\/07\/service-768x275.jpg 768w, https:\/\/www.walnutmachine.com\/wp-content\/uploads\/2018\/07\/service.jpg 1100w\" sizes=\"auto, (max-width: 1024px) 100vw, 1024px\" \/><\/figure>    <hr class=\"wp-block-separator\"\/>    <h3 class=\"has-text-align-center wp-block-heading\" id=\"h-our-company-honor\">L'HONNEUR DE NOTRE ENTREPRISE<\/h3>    <p>Nous avons re\u00e7u le prix \u00ab Entreprise civilis\u00e9e \u00bb, \u00ab Entreprise cl\u00e9 \u00bb, \u00ab Entreprise avec une qualit\u00e9 standard \u00bb et \u00ab Entreprise avec honn\u00eatet\u00e9 et solvabilit\u00e9 \u00bb. Et la marque Shuliy est une \u00ab marque c\u00e9l\u00e8bre en Chine \u00bb pour une qualit\u00e9 fiable et stable.<\/p>","protected":false},"excerpt":{"rendered":"<p>Zhengzhou Shuliy Machinery Co., Ltd&nbsp;is a well-known&nbsp;enterprise that integrates scientific research, development, design, manufacturing and sales as a whole. It is located in Zhengzhou Economic and Technological Development Zone,which&nbsp;is a commercial and economic center,&nbsp;mainly engaging&nbsp;in the import and export of mechanical equipment .Here is empowered with more than 300 employees all motivated with the joy&#8230;<\/p>","protected":false},"author":1,"featured_media":0,"parent":0,"menu_order":0,"comment_status":"closed","ping_status":"closed","template":"","meta":{"_kad_blocks_custom_css":"","_kad_blocks_head_custom_js":"","_kad_blocks_body_custom_js":"","_kad_blocks_footer_custom_js":"","_kadence_starter_templates_imported_post":false,"_kad_post_transparent":"","_kad_post_title":"","_kad_post_layout":"","_kad_post_sidebar_id":"","_kad_post_content_style":"","_kad_post_vertical_padding":"","_kad_post_feature":"","_kad_post_feature_position":"","_kad_post_header":false,"_kad_post_footer":false,"_kad_post_classname":"","footnotes":""},"class_list":["post-5","page","type-page","status-publish","hentry"],"taxonomy_info":[],"featured_image_src_large":false,"author_info":{"display_name":"shuliysusie","author_link":"https:\/\/www.walnutmachine.com\/fr\/author\/shuliysusie\/"},"comment_info":"","_links":{"self":[{"href":"https:\/\/www.walnutmachine.com\/fr\/wp-json\/wp\/v2\/pages\/5","targetHints":{"allow":["GET"]}}],"collection":[{"href":"https:\/\/www.walnutmachine.com\/fr\/wp-json\/wp\/v2\/pages"}],"about":[{"href":"https:\/\/www.walnutmachine.com\/fr\/wp-json\/wp\/v2\/types\/page"}],"author":[{"embeddable":true,"href":"https:\/\/www.walnutmachine.com\/fr\/wp-json\/wp\/v2\/users\/1"}],"replies":[{"embeddable":true,"href":"https:\/\/www.walnutmachine.com\/fr\/wp-json\/wp\/v2\/comments?post=5"}],"version-history":[{"count":0,"href":"https:\/\/www.walnutmachine.com\/fr\/wp-json\/wp\/v2\/pages\/5\/revisions"}],"wp:attachment":[{"href":"https:\/\/www.walnutmachine.com\/fr\/wp-json\/wp\/v2\/media?parent=5"}],"curies":[{"name":"wp","href":"https:\/\/api.w.org\/{rel}","templated":true}]}}