{"id":20039,"date":"2020-01-12T16:37:55","date_gmt":"2020-01-12T16:37:55","guid":{"rendered":"https:\/\/gpsites.co\/agency\/?page_id=17596"},"modified":"2021-05-14T09:40:47","modified_gmt":"2021-05-14T09:40:47","slug":"index","status":"publish","type":"page","link":"https:\/\/www.walnutmachine.com\/pt\/index\/","title":{"rendered":"Casa \u2013 Franc\u00eas"},"content":{"rendered":"<figure class=\"wp-block-image alignfull size-large\"><img loading=\"lazy\" decoding=\"async\" width=\"1024\" height=\"290\" src=\"https:\/\/www.walnutmachine.com\/wp-content\/uploads\/2018\/07\/about-us-1024x290.jpg\" alt=\"\" class=\"wp-image-20040\" title=\"\" srcset=\"https:\/\/www.walnutmachine.com\/wp-content\/uploads\/2018\/07\/about-us-1024x290.jpg 1024w, https:\/\/www.walnutmachine.com\/wp-content\/uploads\/2018\/07\/about-us-300x85.jpg 300w, https:\/\/www.walnutmachine.com\/wp-content\/uploads\/2018\/07\/about-us-768x217.jpg 768w, https:\/\/www.walnutmachine.com\/wp-content\/uploads\/2018\/07\/about-us.jpg 1060w\" sizes=\"auto, (max-width: 1024px) 100vw, 1024px\" \/><\/figure>   <div class=\"gb-container gb-container-422c35ce\"><div class=\"gb-inside-container\">  <h2 class=\"gb-headline gb-headline-32d8fe71 gb-headline-text\">Linha de produ\u00e7\u00e3o<\/h2>   <style>.wp-show-posts-columns#wpsp-19781 {margin-left: -2em; }.wp-show-posts-columns#wpsp-19781 .wp-show-posts-inner {margin: 0 0 2em 2em; }<\/style><section id=\"wpsp-19781\" class=\"wp-show-posts-columns wp-show-posts\" style=\"\"><div class=\"wpsp-no-results\" style=\"margin-left: 2em;\"><p>Desculpe, n\u00e3o foram encontrados posts.<\/p> <\/div><div class=\"wpsp-clear\"><\/div><\/section><!-- .wp-show-posts -->    <figure class=\"wp-block-image alignwide size-large\"><img loading=\"lazy\" decoding=\"async\" width=\"1024\" height=\"303\" src=\"https:\/\/www.walnutmachine.com\/wp-content\/uploads\/2018\/07\/2222-1024x303.jpg\" alt=\"\" class=\"wp-image-20041\" title=\"\" srcset=\"https:\/\/www.walnutmachine.com\/wp-content\/uploads\/2018\/07\/2222-1024x303.jpg 1024w, https:\/\/www.walnutmachine.com\/wp-content\/uploads\/2018\/07\/2222-300x89.jpg 300w, https:\/\/www.walnutmachine.com\/wp-content\/uploads\/2018\/07\/2222-768x228.jpg 768w, https:\/\/www.walnutmachine.com\/wp-content\/uploads\/2018\/07\/2222.jpg 1920w\" sizes=\"auto, (max-width: 1024px) 100vw, 1024px\" \/><\/figure>    <h2 class=\"gb-headline gb-headline-62ca602b gb-headline-text\">Lista de produtos<\/h2>   <style>.wp-show-posts-columns#wpsp-19780 {margin-left: -2em; }.wp-show-posts-columns#wpsp-19780 .wp-show-posts-inner {margin: 0 0 2em 2em; }<\/style><section id=\"wpsp-19780\" class=\"wp-show-posts-columns wp-show-posts\" style=\"\"><article class=\"wp-show-posts-single post-27294 post type-post status-publish format-standard has-post-thumbnail hentry category-nut-roasting-machines category-products tag-automatic-nut-roasting-machine tag-belt-nuts-roasting-machine tag-continuous-nut-roaster tag-industrial-nut-roaster tag-peanut-roasting-equipment wpsp-col-4\" itemtype=\"http:\/\/schema.org\/CreativeWork\" itemscope><div class=\"wp-show-posts-inner\" style=\"\">\t\t<div class=\"wp-show-posts-image  wpsp-image-center\"> \t\t\t<a href=\"https:\/\/www.walnutmachine.com\/pt\/belt-nuts-roasting-machine\/\"  title=\"M\u00e1quina de torrefa\u00e7\u00e3o de nozes com correia | Torrador de nozes autom\u00e1tico cont\u00ednuo\">\t\t\t\t\t<img decoding=\"async\" src=\"https:\/\/www.walnutmachine.com\/wp-content\/uploads\/2026\/03\/Belt-Nuts-Roasting-Machine-360x270.webp\" alt=\"M\u00e1quina de torrefa\u00e7\u00e3o de nozes com correia | Torrador de nozes autom\u00e1tico cont\u00ednuo\" itemprop=\"image\" class=\"center\" title=\"\"> \t\t\t\t<\/a>\t\t<\/div> \t\t\t\t\t\t\t\t<header class=\"wp-show-posts-entry-header\"> \t\t\t\t\t\t\t<h2 class=\"wp-show-posts-entry-title\" itemprop=\"headline\"><a href=\"https:\/\/www.walnutmachine.com\/pt\/belt-nuts-roasting-machine\/\" rel=\"bookmark\">M\u00e1quina de torrefa\u00e7\u00e3o de nozes com correia | Torrador de nozes autom\u00e1tico cont\u00ednuo<\/a><\/h2>\t\t\t\t\t\t<\/header><!-- .entry-header --> \t\t\t\t\t<\/div><!-- wp-show-posts-inner --><\/article><article class=\"wp-show-posts-single post-26468 post type-post status-publish format-standard has-post-thumbnail hentry category-products category-nut-roasting-machines wpsp-col-4\" itemtype=\"http:\/\/schema.org\/CreativeWork\" itemscope><div class=\"wp-show-posts-inner\" style=\"\">\t\t<div class=\"wp-show-posts-image  wpsp-image-center\"> \t\t\t<a href=\"https:\/\/www.walnutmachine.com\/pt\/peanut-roasting-machine\/\"  title=\"Commercial Peanut Roasting Machine &#8211; High Efficiency Nut Roaster for Sale\">\t\t\t\t\t<img decoding=\"async\" src=\"https:\/\/www.walnutmachine.com\/wp-content\/uploads\/2026\/03\/peanut-roasting-machine-360x270.webp\" alt=\"Commercial Peanut Roasting Machine &#8211; High Efficiency Nut Roaster for Sale\" itemprop=\"image\" class=\"center\" title=\"\"> \t\t\t\t<\/a>\t\t<\/div> \t\t\t\t\t\t\t\t<header class=\"wp-show-posts-entry-header\"> \t\t\t\t\t\t\t<h2 class=\"wp-show-posts-entry-title\" itemprop=\"headline\"><a href=\"https:\/\/www.walnutmachine.com\/pt\/peanut-roasting-machine\/\" rel=\"bookmark\">M\u00e1quina Comercial de Torragem de Amendoim \u2013 Torrador de Nozes de Alta Efici\u00eancia \u00e0 Venda<\/a><\/h2>\t\t\t\t\t\t<\/header><!-- .entry-header --> \t\t\t\t\t<\/div><!-- wp-show-posts-inner --><\/article><article class=\"wp-show-posts-single post-26688 post type-post status-publish format-standard has-post-thumbnail hentry category-products category-nut-peeling-machines wpsp-col-4\" itemtype=\"http:\/\/schema.org\/CreativeWork\" itemscope><div class=\"wp-show-posts-inner\" style=\"\">\t\t<div class=\"wp-show-posts-image  wpsp-image-center\"> \t\t\t<a href=\"https:\/\/www.walnutmachine.com\/pt\/wet-type-peanut-peeling-machine\/\"  title=\"M\u00e1quina de descascamento de amendoim de tipo molhado\">\t\t\t\t\t<img decoding=\"async\" src=\"https:\/\/www.walnutmachine.com\/wp-content\/uploads\/2025\/12\/Wet-Type-Peanut-Peeling-Machine-1-360x270.webp\" alt=\"M\u00e1quina de descascamento de amendoim de tipo molhado\" itemprop=\"image\" class=\"center\" title=\"\"> \t\t\t\t<\/a>\t\t<\/div> \t\t\t\t\t\t\t\t<header class=\"wp-show-posts-entry-header\"> \t\t\t\t\t\t\t<h2 class=\"wp-show-posts-entry-title\" itemprop=\"headline\"><a href=\"https:\/\/www.walnutmachine.com\/pt\/wet-type-peanut-peeling-machine\/\" rel=\"bookmark\">M\u00e1quina de descascamento de amendoim de tipo molhado<\/a><\/h2>\t\t\t\t\t\t<\/header><!-- .entry-header --> \t\t\t\t\t<\/div><!-- wp-show-posts-inner --><\/article><article class=\"wp-show-posts-single post-26612 post type-post status-publish format-standard has-post-thumbnail hentry category-products category-nut-peeling-machines wpsp-col-4\" itemtype=\"http:\/\/schema.org\/CreativeWork\" itemscope><div class=\"wp-show-posts-inner\" style=\"\">\t\t<div class=\"wp-show-posts-image  wpsp-image-center\"> \t\t\t<a href=\"https:\/\/www.walnutmachine.com\/pt\/peanut-skin-peeling-machine\/\"  title=\"M\u00e1quina de descascamento de amendoim de tipo seco\">\t\t\t\t\t<img decoding=\"async\" src=\"https:\/\/www.walnutmachine.com\/wp-content\/uploads\/2025\/11\/peanut-skin-peeling-machine-1-360x270.webp\" alt=\"M\u00e1quina de descascamento de amendoim de tipo seco\" itemprop=\"image\" class=\"center\" title=\"\"> \t\t\t\t<\/a>\t\t<\/div> \t\t\t\t\t\t\t\t<header class=\"wp-show-posts-entry-header\"> \t\t\t\t\t\t\t<h2 class=\"wp-show-posts-entry-title\" itemprop=\"headline\"><a href=\"https:\/\/www.walnutmachine.com\/pt\/peanut-skin-peeling-machine\/\" rel=\"bookmark\">M\u00e1quina de descascamento de amendoim de tipo seco<\/a><\/h2>\t\t\t\t\t\t<\/header><!-- .entry-header --> \t\t\t\t\t<\/div><!-- wp-show-posts-inner --><\/article><article class=\"wp-show-posts-single post-26486 post type-post status-publish format-standard has-post-thumbnail hentry category-products category-washing-dehydrating-machines wpsp-col-4\" itemtype=\"http:\/\/schema.org\/CreativeWork\" itemscope><div class=\"wp-show-posts-inner\" style=\"\">\t\t<div class=\"wp-show-posts-image  wpsp-image-center\"> \t\t\t<a href=\"https:\/\/www.walnutmachine.com\/pt\/sesame-cleaning-machine\/\"  title=\"M\u00e1quina de Limpeza Sesame\">\t\t\t\t\t<img decoding=\"async\" src=\"https:\/\/www.walnutmachine.com\/wp-content\/uploads\/2025\/08\/sesame-cleaning-machine-360x270.webp\" alt=\"M\u00e1quina de Limpeza Sesame\" itemprop=\"image\" class=\"center\" title=\"\"> \t\t\t\t<\/a>\t\t<\/div> \t\t\t\t\t\t\t\t<header class=\"wp-show-posts-entry-header\"> \t\t\t\t\t\t\t<h2 class=\"wp-show-posts-entry-title\" itemprop=\"headline\"><a href=\"https:\/\/www.walnutmachine.com\/pt\/sesame-cleaning-machine\/\" rel=\"bookmark\">M\u00e1quina de Limpeza Sesame<\/a><\/h2>\t\t\t\t\t\t<\/header><!-- .entry-header --> \t\t\t\t\t<\/div><!-- wp-show-posts-inner --><\/article><article class=\"wp-show-posts-single post-666 post type-post status-publish format-standard has-post-thumbnail hentry category-products category-other-nut-processing-equipment tag-peanut-almond-slicer-machine wpsp-col-4\" itemtype=\"http:\/\/schema.org\/CreativeWork\" itemscope><div class=\"wp-show-posts-inner\" style=\"\">\t\t<div class=\"wp-show-posts-image  wpsp-image-center\"> \t\t\t<a href=\"https:\/\/www.walnutmachine.com\/pt\/almond-slicer-machine\/\"  title=\"M\u00e1quina cortadora de am\u00eandoa e amendoim\">\t\t\t\t\t<img decoding=\"async\" src=\"https:\/\/www.walnutmachine.com\/wp-content\/uploads\/2019\/01\/almond-slicer-machine-for-sale-360x270.jpg\" alt=\"M\u00e1quina cortadora de am\u00eandoa e amendoim\" itemprop=\"image\" class=\"center\" title=\"\"> \t\t\t\t<\/a>\t\t<\/div> \t\t\t\t\t\t\t\t<header class=\"wp-show-posts-entry-header\"> \t\t\t\t\t\t\t<h2 class=\"wp-show-posts-entry-title\" itemprop=\"headline\"><a href=\"https:\/\/www.walnutmachine.com\/pt\/almond-slicer-machine\/\" rel=\"bookmark\">M\u00e1quina cortadora de am\u00eandoa e amendoim<\/a><\/h2>\t\t\t\t\t\t<\/header><!-- .entry-header --> \t\t\t\t\t<\/div><!-- wp-show-posts-inner --><\/article><article class=\"wp-show-posts-single post-48 post type-post status-publish format-standard has-post-thumbnail hentry category-products category-washing-dehydrating-machines tag-walnut-dryer wpsp-col-4\" itemtype=\"http:\/\/schema.org\/CreativeWork\" itemscope><div class=\"wp-show-posts-inner\" style=\"\">\t\t<div class=\"wp-show-posts-image  wpsp-image-center\"> \t\t\t<a href=\"https:\/\/www.walnutmachine.com\/pt\/walnut-drying-machine\/\"  title=\"M\u00e1quina de secar nozes | secador de am\u00eandoa de caju\">\t\t\t\t\t<img decoding=\"async\" src=\"https:\/\/www.walnutmachine.com\/wp-content\/uploads\/2018\/07\/Walnut-drying-machine-360x270.jpg\" alt=\"M\u00e1quina de secar nozes | secador de am\u00eandoa de caju\" itemprop=\"image\" class=\"center\" title=\"\"> \t\t\t\t<\/a>\t\t<\/div> \t\t\t\t\t\t\t\t<header class=\"wp-show-posts-entry-header\"> \t\t\t\t\t\t\t<h2 class=\"wp-show-posts-entry-title\" itemprop=\"headline\"><a href=\"https:\/\/www.walnutmachine.com\/pt\/walnut-drying-machine\/\" rel=\"bookmark\">M\u00e1quina de secar nozes | secador de am\u00eandoa de caju<\/a><\/h2>\t\t\t\t\t\t<\/header><!-- .entry-header --> \t\t\t\t\t<\/div><!-- wp-show-posts-inner --><\/article><article class=\"wp-show-posts-single post-108 post type-post status-publish format-standard has-post-thumbnail hentry category-products category-nut-cracking-machines tag-walnut-shelling-machine wpsp-col-4\" itemtype=\"http:\/\/schema.org\/CreativeWork\" itemscope><div class=\"wp-show-posts-inner\" style=\"\">\t\t<div class=\"wp-show-posts-image  wpsp-image-center\"> \t\t\t<a href=\"https:\/\/www.walnutmachine.com\/pt\/walnut-sheller-machine\/\"  title=\"M\u00e1quina de descascar nozes | Biscoito de noz-pec\u00e3\">\t\t\t\t\t<img decoding=\"async\" src=\"https:\/\/www.walnutmachine.com\/wp-content\/uploads\/2018\/07\/walnut-shelling-machine-360x270.webp\" alt=\"M\u00e1quina de descascar nozes | Biscoito de noz-pec\u00e3\" itemprop=\"image\" class=\"center\" title=\"\"> \t\t\t\t<\/a>\t\t<\/div> \t\t\t\t\t\t\t\t<header class=\"wp-show-posts-entry-header\"> \t\t\t\t\t\t\t<h2 class=\"wp-show-posts-entry-title\" itemprop=\"headline\"><a href=\"https:\/\/www.walnutmachine.com\/pt\/walnut-sheller-machine\/\" rel=\"bookmark\">M\u00e1quina de descascar nozes | Biscoito de noz-pec\u00e3<\/a><\/h2>\t\t\t\t\t\t<\/header><!-- .entry-header --> \t\t\t\t\t<\/div><!-- wp-show-posts-inner --><\/article><article class=\"wp-show-posts-single post-56 post type-post status-publish format-standard has-post-thumbnail hentry category-products category-nut-cracking-machines tag-walnut-separator-machine wpsp-col-4\" itemtype=\"http:\/\/schema.org\/CreativeWork\" itemscope><div class=\"wp-show-posts-inner\" style=\"\">\t\t<div class=\"wp-show-posts-image  wpsp-image-center\"> \t\t\t<a href=\"https:\/\/www.walnutmachine.com\/pt\/walnut-screening-machine\/\"  title=\"M\u00e1quina separadora de nozes | m\u00e1quina de separa\u00e7\u00e3o de am\u00eandoa\">\t\t\t\t\t<img decoding=\"async\" src=\"https:\/\/www.walnutmachine.com\/wp-content\/uploads\/2018\/07\/Walnut-Separator-Machine-360x270.webp\" alt=\"M\u00e1quina separadora de nozes | m\u00e1quina de separa\u00e7\u00e3o de am\u00eandoa\" itemprop=\"image\" class=\"center\" title=\"\"> \t\t\t\t<\/a>\t\t<\/div> \t\t\t\t\t\t\t\t<header class=\"wp-show-posts-entry-header\"> \t\t\t\t\t\t\t<h2 class=\"wp-show-posts-entry-title\" itemprop=\"headline\"><a href=\"https:\/\/www.walnutmachine.com\/pt\/walnut-screening-machine\/\" rel=\"bookmark\">M\u00e1quina separadora de nozes | m\u00e1quina de separa\u00e7\u00e3o de am\u00eandoa<\/a><\/h2>\t\t\t\t\t\t<\/header><!-- .entry-header --> \t\t\t\t\t<\/div><!-- wp-show-posts-inner --><\/article><article class=\"wp-show-posts-single post-117 post type-post status-publish format-standard has-post-thumbnail hentry category-products category-other-nut-processing-equipment tag-air-packing-machine tag-vacuum-sealer-machine tag-vacuum-sealer-packing-machine wpsp-col-4\" itemtype=\"http:\/\/schema.org\/CreativeWork\" itemscope><div class=\"wp-show-posts-inner\" style=\"\">\t\t<div class=\"wp-show-posts-image  wpsp-image-center\"> \t\t\t<a href=\"https:\/\/www.walnutmachine.com\/pt\/vacuum-packing-machine\/\"  title=\"M\u00e1quina de Embalamento a V\u00e1cuo\">\t\t\t\t\t<img decoding=\"async\" src=\"https:\/\/www.walnutmachine.com\/wp-content\/uploads\/2018\/07\/vacuum-packing-machine-360x270.webp\" alt=\"M\u00e1quina de Embalamento a V\u00e1cuo\" itemprop=\"image\" class=\"center\" title=\"\"> \t\t\t\t<\/a>\t\t<\/div> \t\t\t\t\t\t\t\t<header class=\"wp-show-posts-entry-header\"> \t\t\t\t\t\t\t<h2 class=\"wp-show-posts-entry-title\" itemprop=\"headline\"><a href=\"https:\/\/www.walnutmachine.com\/pt\/vacuum-packing-machine\/\" rel=\"bookmark\">M\u00e1quina de Embalamento a V\u00e1cuo<\/a><\/h2>\t\t\t\t\t\t<\/header><!-- .entry-header --> \t\t\t\t\t<\/div><!-- wp-show-posts-inner --><\/article><div class=\"wpsp-clear\"><\/div><\/section><!-- .wp-show-posts -->    <p><\/p>    <figure class=\"wp-block-image alignwide size-large\"><img loading=\"lazy\" decoding=\"async\" width=\"1024\" height=\"303\" src=\"https:\/\/www.walnutmachine.com\/wp-content\/uploads\/2018\/07\/1111-1024x303.jpg\" alt=\"\" class=\"wp-image-20042\" title=\"\" srcset=\"https:\/\/www.walnutmachine.com\/wp-content\/uploads\/2018\/07\/1111-1024x303.jpg 1024w, https:\/\/www.walnutmachine.com\/wp-content\/uploads\/2018\/07\/1111-300x89.jpg 300w, https:\/\/www.walnutmachine.com\/wp-content\/uploads\/2018\/07\/1111-768x228.jpg 768w, https:\/\/www.walnutmachine.com\/wp-content\/uploads\/2018\/07\/1111.jpg 1920w\" sizes=\"auto, (max-width: 1024px) 100vw, 1024px\" \/><\/figure>  <\/div><\/div>  <div class=\"gb-container gb-container-8a182728\"><div class=\"gb-inside-container\">  <h3 class=\"gb-headline gb-headline-f7207de2 gb-headline-text\">Voc\u00ea est\u00e1 interessado? <\/h3>   <div class=\"gb-button-wrapper gb-button-wrapper-1f1dcc21\">  <span class=\"gb-button gb-button-0185bd79\"><span class=\"gb-button-text\">Contate-nos<\/span><span class=\"gb-icon\"><svg aria-hidden=\"true\" data-prefix=\"fas\" data-icon=\"long-arrow-alt-right\" class=\"svg-inline--fa fa-long-arrow-alt-right fa-w-14\" xmlns=\"http:\/\/www.w3.org\/2000\/svg\" viewbox=\"0 0 448 512\"><path fill=\"currentColor\" d=\"M313.941 216H12c-6.627 0-12 5.373-12 12v56c0 6.627 5.373 12 12 12h301.941v46.059c0 21.382 25.851 32.09 40.971 16.971l86.059-86.059c9.373-9.373 9.373-24.569 0-33.941l-86.059-86.059c-15.119-15.119-40.971-4.411-40.971 16.971V216z\"><\/path><\/svg><\/span><\/span>  <\/div> <\/div><\/div>   <p><\/p>","protected":false},"excerpt":{"rendered":"<p><a href=\"https:\/\/walnutmachine.com\/pt\/index\/\" target=\"_top\"> \t\t\t\tIn\u00edcio \u2013 Fran\u00e7ais\t\t\t<\/a><\/p>","protected":false},"author":1,"featured_media":0,"parent":0,"menu_order":0,"comment_status":"closed","ping_status":"closed","template":"","meta":{"_kad_blocks_custom_css":"","_kad_blocks_head_custom_js":"","_kad_blocks_body_custom_js":"","_kad_blocks_footer_custom_js":"","_kadence_starter_templates_imported_post":false,"_kad_post_transparent":"","_kad_post_title":"","_kad_post_layout":"","_kad_post_sidebar_id":"","_kad_post_content_style":"","_kad_post_vertical_padding":"","_kad_post_feature":"","_kad_post_feature_position":"","_kad_post_header":false,"_kad_post_footer":false,"_kad_post_classname":"","footnotes":""},"class_list":["post-20039","page","type-page","status-publish","hentry"],"taxonomy_info":[],"featured_image_src_large":false,"author_info":{"display_name":"shuliysusie","author_link":"https:\/\/www.walnutmachine.com\/pt\/author\/shuliysusie\/"},"comment_info":"","_links":{"self":[{"href":"https:\/\/www.walnutmachine.com\/pt\/wp-json\/wp\/v2\/pages\/20039","targetHints":{"allow":["GET"]}}],"collection":[{"href":"https:\/\/www.walnutmachine.com\/pt\/wp-json\/wp\/v2\/pages"}],"about":[{"href":"https:\/\/www.walnutmachine.com\/pt\/wp-json\/wp\/v2\/types\/page"}],"author":[{"embeddable":true,"href":"https:\/\/www.walnutmachine.com\/pt\/wp-json\/wp\/v2\/users\/1"}],"replies":[{"embeddable":true,"href":"https:\/\/www.walnutmachine.com\/pt\/wp-json\/wp\/v2\/comments?post=20039"}],"version-history":[{"count":0,"href":"https:\/\/www.walnutmachine.com\/pt\/wp-json\/wp\/v2\/pages\/20039\/revisions"}],"wp:attachment":[{"href":"https:\/\/www.walnutmachine.com\/pt\/wp-json\/wp\/v2\/media?parent=20039"}],"curies":[{"name":"wp","href":"https:\/\/api.w.org\/{rel}","templated":true}]}}