{"id":5,"date":"2018-07-19T08:30:29","date_gmt":"2018-07-19T08:30:29","guid":{"rendered":"http:\/\/www.walnutmachine.com\/?page_id=5"},"modified":"2024-03-29T16:54:30","modified_gmt":"2024-03-29T08:54:30","slug":"about-us","status":"publish","type":"page","link":"https:\/\/www.walnutmachine.com\/pt\/about-us\/","title":{"rendered":"Sobre n\u00f3s"},"content":{"rendered":"<figure class=\"wp-block-image alignfull size-large\"><img loading=\"lazy\" decoding=\"async\" width=\"1024\" height=\"290\" src=\"https:\/\/www.walnutmachine.com\/wp-content\/uploads\/2018\/07\/about-us-1024x290.jpg\" alt=\"\" class=\"wp-image-22\" title=\"\" srcset=\"https:\/\/www.walnutmachine.com\/wp-content\/uploads\/2018\/07\/about-us-1024x290.jpg 1024w, https:\/\/www.walnutmachine.com\/wp-content\/uploads\/2018\/07\/about-us-300x85.jpg 300w, https:\/\/www.walnutmachine.com\/wp-content\/uploads\/2018\/07\/about-us-768x217.jpg 768w, https:\/\/www.walnutmachine.com\/wp-content\/uploads\/2018\/07\/about-us.jpg 1060w\" sizes=\"auto, (max-width: 1024px) 100vw, 1024px\" \/><\/figure>    <p>Zhengzhou Shuliy Machinery Co., Ltd\u00a0\u00e9 uma empresa bem conhecida que integra pesquisa cient\u00edfica, desenvolvimento, design, fabrica\u00e7\u00e3o e vendas como um todo. Est\u00e1 localizada na Zona de Desenvolvimento Econ\u00f4mico e Tecnol\u00f3gico de Zhengzhou, que \u00e9 um centro comercial e econ\u00f4mico, que se dedica principalmente \u00e0 importa\u00e7\u00e3o e exporta\u00e7\u00e3o de equipamentos mec\u00e2nicos. Aqui conta com mais de 300 funcion\u00e1rios, todos motivados pela alegria de trabalhar em fam\u00edlia.<\/p>    <hr class=\"wp-block-separator\"\/>    <h3 class=\"alignwide wp-block-heading\" id=\"h-\"><img loading=\"lazy\" decoding=\"async\" class=\"alignnone  wp-image-278\" src=\"http:\/\/www.walnutmachine.com\/wp-content\/uploads\/2018\/08\/about-us.jpg\" alt=\"\" width=\"1199\" height=\"500\" title=\"\"><\/h3>    <h3 class=\"has-text-align-center wp-block-heading\" id=\"h-service-and-support\">SERVI\u00c7O E SUPORTE<\/h3>    <p>O pessoal da Shuliy estabeleceu uma boa filosofia de servi\u00e7o: reparar o equipamento em tempo h\u00e1bil quando ele quebrar; fornecer design de projeto e fluxo de produ\u00e7\u00e3o para os clientes; formular o plano de compra de equipamentos para os clientes; fornecer produtos de alta qualidade; fornecer treinamento atencioso ao cliente; reparar oportuna e eficazmente a falha do equipamento e testar e resolver os dif\u00edceis problemas de processamento para os clientes.<\/p>    <figure class=\"wp-block-image alignfull size-large\"><img loading=\"lazy\" decoding=\"async\" width=\"1024\" height=\"367\" src=\"https:\/\/www.walnutmachine.com\/wp-content\/uploads\/2018\/07\/service-1024x367.jpg\" alt=\"\" class=\"wp-image-206\" title=\"\" srcset=\"https:\/\/www.walnutmachine.com\/wp-content\/uploads\/2018\/07\/service-1024x367.jpg 1024w, https:\/\/www.walnutmachine.com\/wp-content\/uploads\/2018\/07\/service-300x107.jpg 300w, https:\/\/www.walnutmachine.com\/wp-content\/uploads\/2018\/07\/service-768x275.jpg 768w, https:\/\/www.walnutmachine.com\/wp-content\/uploads\/2018\/07\/service.jpg 1100w\" sizes=\"auto, (max-width: 1024px) 100vw, 1024px\" \/><\/figure>    <hr class=\"wp-block-separator\"\/>    <h3 class=\"has-text-align-center wp-block-heading\" id=\"h-our-company-honor\">HONRA DA NOSSA EMPRESA<\/h3>    <p>Fomos premiados com a \u201cEmpresa Civilizada\u201d, \u201cEmpresa Chave\u201d, \u201cEmpresa com Qualidade Padr\u00e3o\u201d e \u201cEmpresa com Honestidade e Posi\u00e7\u00e3o de Cr\u00e9dito\u201d. E a marca Shuliy \u00e9 uma \u201cmarca famosa da China\u201d por sua qualidade confi\u00e1vel e est\u00e1vel.<\/p>","protected":false},"excerpt":{"rendered":"<p>Zhengzhou Shuliy Machinery Co., Ltd&nbsp;is a well-known&nbsp;enterprise that integrates scientific research, development, design, manufacturing and sales as a whole. It is located in Zhengzhou Economic and Technological Development Zone,which&nbsp;is a commercial and economic center,&nbsp;mainly engaging&nbsp;in the import and export of mechanical equipment .Here is empowered with more than 300 employees all motivated with the joy&#8230;<\/p>","protected":false},"author":1,"featured_media":0,"parent":0,"menu_order":0,"comment_status":"closed","ping_status":"closed","template":"","meta":{"_kad_blocks_custom_css":"","_kad_blocks_head_custom_js":"","_kad_blocks_body_custom_js":"","_kad_blocks_footer_custom_js":"","_kadence_starter_templates_imported_post":false,"_kad_post_transparent":"","_kad_post_title":"","_kad_post_layout":"","_kad_post_sidebar_id":"","_kad_post_content_style":"","_kad_post_vertical_padding":"","_kad_post_feature":"","_kad_post_feature_position":"","_kad_post_header":false,"_kad_post_footer":false,"_kad_post_classname":"","footnotes":""},"class_list":["post-5","page","type-page","status-publish","hentry"],"taxonomy_info":[],"featured_image_src_large":false,"author_info":{"display_name":"shuliysusie","author_link":"https:\/\/www.walnutmachine.com\/pt\/author\/shuliysusie\/"},"comment_info":"","_links":{"self":[{"href":"https:\/\/www.walnutmachine.com\/pt\/wp-json\/wp\/v2\/pages\/5","targetHints":{"allow":["GET"]}}],"collection":[{"href":"https:\/\/www.walnutmachine.com\/pt\/wp-json\/wp\/v2\/pages"}],"about":[{"href":"https:\/\/www.walnutmachine.com\/pt\/wp-json\/wp\/v2\/types\/page"}],"author":[{"embeddable":true,"href":"https:\/\/www.walnutmachine.com\/pt\/wp-json\/wp\/v2\/users\/1"}],"replies":[{"embeddable":true,"href":"https:\/\/www.walnutmachine.com\/pt\/wp-json\/wp\/v2\/comments?post=5"}],"version-history":[{"count":0,"href":"https:\/\/www.walnutmachine.com\/pt\/wp-json\/wp\/v2\/pages\/5\/revisions"}],"wp:attachment":[{"href":"https:\/\/www.walnutmachine.com\/pt\/wp-json\/wp\/v2\/media?parent=5"}],"curies":[{"name":"wp","href":"https:\/\/api.w.org\/{rel}","templated":true}]}}