{"id":7,"date":"2018-07-19T08:30:40","date_gmt":"2018-07-19T08:30:40","guid":{"rendered":"http:\/\/www.walnutmachine.com\/?page_id=7"},"modified":"2020-12-03T01:50:26","modified_gmt":"2020-12-03T01:50:26","slug":"contact-us","status":"publish","type":"page","link":"https:\/\/www.walnutmachine.com\/pt\/contact-us\/","title":{"rendered":"Contate-nos"},"content":{"rendered":"<h3><strong>da maquinaria Shuliy de Zhengzhou, Ltd<\/strong><\/h3> <p>Entre em contacto connosco para qualquer consulta, esclarecimento ou para processar a sua encomenda.<\/p> <p>Obrigado pelo seu interesse em Zhengzhou Shuliy Machinery Co., Ltd. Sinta-se \u00e0 vontade para nos enviar suas informa\u00e7\u00f5es de consulta. nosso gerente de vendas entrar\u00e1 em contato com voc\u00ea o mais breve poss\u00edvel.<\/p> <p><img loading=\"lazy\" decoding=\"async\" class=\"alignleft wp-image-215\" src=\"http:\/\/www.walnutmachine.com\/wp-content\/uploads\/2018\/07\/1-1-1.jpg\" alt=\"\" width=\"456\" height=\"256\" title=\"\" srcset=\"https:\/\/www.walnutmachine.com\/wp-content\/uploads\/2018\/07\/1-1-1.jpg 852w, https:\/\/www.walnutmachine.com\/wp-content\/uploads\/2018\/07\/1-1-1-300x169.jpg 300w, https:\/\/www.walnutmachine.com\/wp-content\/uploads\/2018\/07\/1-1-1-768x433.jpg 768w\" sizes=\"auto, (max-width: 456px) 100vw, 456px\" \/><\/p> <p class=\"translation-block\"><strong>E-mail:\u00a0<\/strong> \u00a0<strong>info@walnutmachine.com<\/strong><\/p> <p class=\"translation-block\"><strong>Tel :\u00a0 +86 17303821432<\/strong><\/p> <p class=\"translation-block\"><strong>Endere\u00e7o:\u00a0 Nautical Road East,Zhengzhou Economic Development Zone, Henan, China<\/strong><\/p> <hr \/>","protected":false},"excerpt":{"rendered":"<p>Zhengzhou Shuliy Machinery Co., Ltd Please contact us for any inquiry, clarification or to process your order. Thank you for your interest in Zhengzhou Shuliy Machinery Co., Ltd. Please feel free to submit your inquiry information to us. our sales manager will contact you as soon as possible. E-mail:\u00a0 \u00a0info@walnutmachine.com Tel :\u00a0 +86 17303821432 Address:\u00a0&#8230;<\/p>","protected":false},"author":1,"featured_media":0,"parent":0,"menu_order":0,"comment_status":"open","ping_status":"closed","template":"","meta":{"_kad_blocks_custom_css":"","_kad_blocks_head_custom_js":"","_kad_blocks_body_custom_js":"","_kad_blocks_footer_custom_js":"","_kadence_starter_templates_imported_post":false,"_kad_post_transparent":"","_kad_post_title":"","_kad_post_layout":"","_kad_post_sidebar_id":"","_kad_post_content_style":"","_kad_post_vertical_padding":"","_kad_post_feature":"","_kad_post_feature_position":"","_kad_post_header":false,"_kad_post_footer":false,"_kad_post_classname":"","footnotes":""},"class_list":["post-7","page","type-page","status-publish","hentry"],"taxonomy_info":[],"featured_image_src_large":false,"author_info":{"display_name":"shuliysusie","author_link":"https:\/\/www.walnutmachine.com\/pt\/author\/shuliysusie\/"},"comment_info":"","_links":{"self":[{"href":"https:\/\/www.walnutmachine.com\/pt\/wp-json\/wp\/v2\/pages\/7","targetHints":{"allow":["GET"]}}],"collection":[{"href":"https:\/\/www.walnutmachine.com\/pt\/wp-json\/wp\/v2\/pages"}],"about":[{"href":"https:\/\/www.walnutmachine.com\/pt\/wp-json\/wp\/v2\/types\/page"}],"author":[{"embeddable":true,"href":"https:\/\/www.walnutmachine.com\/pt\/wp-json\/wp\/v2\/users\/1"}],"replies":[{"embeddable":true,"href":"https:\/\/www.walnutmachine.com\/pt\/wp-json\/wp\/v2\/comments?post=7"}],"version-history":[{"count":0,"href":"https:\/\/www.walnutmachine.com\/pt\/wp-json\/wp\/v2\/pages\/7\/revisions"}],"wp:attachment":[{"href":"https:\/\/www.walnutmachine.com\/pt\/wp-json\/wp\/v2\/media?parent=7"}],"curies":[{"name":"wp","href":"https:\/\/api.w.org\/{rel}","templated":true}]}}